{"id":1649,"date":"2018-02-21T11:28:18","date_gmt":"2018-02-21T10:28:18","guid":{"rendered":"https:\/\/tuktuk.ch\/faq\/"},"modified":"2024-06-13T10:17:51","modified_gmt":"2024-06-13T08:17:51","slug":"faq","status":"publish","type":"page","link":"https:\/\/tuktuk.ch\/en\/faq\/","title":{"rendered":"FAQ"},"content":{"rendered":"<div class=\"wpb-content-wrapper\"><p>[vc_row kswr_row_top_decor_enabled=&#8221;false&#8221; kswr_row_bottom_decor_enabled=&#8221;false&#8221; css=&#8221;.vc_custom_1518164886216{margin-top: 5% !important;}&#8221;][vc_column][vc_column_text]<\/p>\n<h1>FAQ<\/h1>\n<p>[\/vc_column_text][\/vc_column][\/vc_row][vc_row][vc_column][vc_tta_accordion style=&#8221;flat&#8221; shape=&#8221;square&#8221; spacing=&#8221;5&#8243; gap=&#8221;15&#8243; active_section=&#8221;1&#8243;][vc_tta_section title=&#8221;What about wind, rain and snow&#8221; tab_id=&#8221;1519208878170-4b5b3b73-b99b&#8221;][vc_column_text]We drive all year round. All our tuk-tuks have a transparent rain cover that completely encloses the passenger cabin. During the winter months, our vehicles are also equipped with lambskin and blankets.[\/vc_column_text][\/vc_tta_section][vc_tta_section title=&#8221;Is the eTuk safe?&#8221; tab_id=&#8221;1718265877162-46585c27-58be&#8221;][vc_column_text]<strong>Yes.<\/strong><\/p>\n<p>Our guests are <strong>our most valuable asset<\/strong> and safety is our top priority. We drive comfortably, cautiously and carefully. The auto-rickshaws are conspicuous and hard to miss.<\/p>\n<p>If something should nevertheless happen, the vehicle is adequately insured. All our tricycles have passenger insurance.[\/vc_column_text][\/vc_tta_section][vc_tta_section title=&#8221;Do eTuks only run in Zurich?&#8221; tab_id=&#8221;1718265970956-d4a3bd43-1132&#8243;][vc_column_text]No.<\/p>\n<p>Our food-on-wheels offer and the tours only take place in the city of Zurich.<br \/>\nBut we offer our event and transfer service throughout Switzerland.<\/p>\n<p>Depending on the location, we drive directly to you with the tuk tuk or load the vehicle onto the trailer.<br \/>\nContact us if you have any questions or for a non-binding offer.[\/vc_column_text][\/vc_tta_section][vc_tta_section title=&#8221;Where can I find an eTukTuk in Zurich?&#8221; tab_id=&#8221;1519208880398-bae868ed-c2d7&#8243;][vc_column_text]<\/p>\n<div class=\"sppb-panel-collapse\">\n<div class=\"sppb-panel-body\">\n<p>We only operate on advance booking.<\/p>\n<p>Our tours generally start at <a href=\"https:\/\/maps.app.goo.gl\/rFQy44zQsZahJJKF8\">Europaallee 8, 8004 Zurich.<\/a><\/p>\n<p>Pick-ups at another location? No problem. In this case we charge a flat rate of CHF 19.00 or shorten the tour.<\/p>\n<\/div>\n<\/div>\n<p>[\/vc_column_text][\/vc_tta_section][vc_tta_section title=&#8221;How many passengers are allowed?&#8221; tab_id=&#8221;1519208879427-6fb4f723-1f11&#8243;][vc_column_text]A maximum of 4 passengers are allowed per eTuk.<\/p>\n<p>Families with children with a maximum of 5 passengers.<\/p>\n<p>Dogs are welcome.[\/vc_column_text][\/vc_tta_section][vc_tta_section title=&#8221;Can I extend the tour?&#8221; tab_id=&#8221;1519400810966-b94c63fc-fb78&#8243;][vc_column_text]<\/p>\n<div class=\"sppb-panel-collapse\">\n<p class=\"sppb-panel-body\">If we are unable to complete the tour in time due to photo, shopping or other stops, an extension is possible (if the driver has no other tours afterwards). This is at an extra charge of CHF 19.00 \/ 15 minutes.<\/p>\n<\/div>\n<p>[\/vc_column_text][\/vc_tta_section][vc_tta_section title=&#8221;What if I have to cancel the trip?&#8221; tab_id=&#8221;1718266256773-b98c9d3b-b5ec&#8221;][vc_column_text]Write us an email to <a href=\"mailto:booking@etuktuk.ch\">booking@etuktuk.ch.<\/a>\u00a0Please take note of the cancellation conditions.[\/vc_column_text][\/vc_tta_section][vc_tta_section title=&#8221;Cancellation conditions&#8221; tab_id=&#8221;1685516369560-bbb5068f-28b5&#8243;][vc_column_text]<strong>Up to 2 vehicles:<\/strong><\/p>\n<ul>\n<li>If the client cancels after 24 hours before the start of the tour or does not show up at the agreed time, there is no entitlement to a refund of the booking price.<\/li>\n<li>Cancellations up to 24 hours in advance will be refunded 100%<\/li>\n<\/ul>\n<p><strong>From 3 vehicles<\/strong><\/p>\n<ul>\n<li>If the client cancels after 72 hours before the start of the tour or does not show up at the agreed time, there is no entitlement to a refund of the booking price.<\/li>\n<li>Cancellations up to 72 hours before the start of the tour will be refunded 100%.<\/li>\n<\/ul>\n<p>If the tour is canceled due to technical problems or force majeure, the provider will organize a replacement solution or refund the booking price in full.[\/vc_column_text][\/vc_tta_section][vc_tta_section title=&#8221;What are the operating and opening hours?&#8221; tab_id=&#8221;1718266427990-c07c06e9-8ccb&#8221;][vc_column_text]Our eTukTuk&#8217;s are in operation all year round from Monday to Sunday. Our operating hours are as follows:<\/p>\n<ul>\n<li>Monday to Saturday from 10:00 &#8211; 20:0o<\/li>\n<li>Limited capacity on Sundays and public holidays<\/li>\n<\/ul>\n<p>Our office is available by telephone from 9:00-17:00.[\/vc_column_text][\/vc_tta_section][vc_tta_section title=&#8221;Can I also drive myself?&#8221; tab_id=&#8221;1718266480638-a020b82f-8c2c&#8221;][vc_column_text]You can also hire an eTuk-Tuk without a driver. Contact us and we will be happy to make you a specific offer.<\/p>\n<p>It should be noted that an eTuk-Tuk can be driven with a Cat. B driving license, but you will need instruction and some practice.[\/vc_column_text][\/vc_tta_section][vc_tta_section title=&#8221;Voucher: Make an appointment&#8221; tab_id=&#8221;1718266515407-4047c4bb-ba2e&#8221;][vc_column_text]Reserve your preferred date as early as possible by e-mail: <a href=\"mailto:booking@etuktuk.ch\">booking@etuktuk.ch<\/a>.<\/p>\n<p>Please note that Saturdays are very popular.[\/vc_column_text][\/vc_tta_section][vc_tta_section title=&#8221;What happens to my tour during major events in the city of Zurich?&#8221; tab_id=&#8221;1718266561905-10dc699b-c19d&#8221;][vc_column_text]Changed route for events such as S\u00e4chsil\u00fc\u00fcte, Zurich Marathon, D\u00f6rflifest and others.<\/p>\n<p>No round trips during major events such as Z\u00fcri F\u00e4scht, Street Parade and others.[\/vc_column_text][\/vc_tta_section][\/vc_tta_accordion][\/vc_column][\/vc_row][vc_row][vc_column][vc_empty_space height=&#8221;5%&#8221;][\/vc_column][\/vc_row]<\/p>\n<\/div>","protected":false},"excerpt":{"rendered":"<p>[vc_row kswr_row_top_decor_enabled=&#8221;false&#8221; kswr_row_bottom_decor_enabled=&#8221;false&#8221; css=&#8221;.vc_custom_1518164886216{margin-top: 5% !important;}&#8221;][vc_column][vc_column_text] FAQ [\/vc_column_text][\/vc_column][\/vc_row][vc_row][vc_column][vc_tta_accordion style=&#8221;flat&#8221; shape=&#8221;square&#8221; spacing=&#8221;5&#8243; gap=&#8221;15&#8243; active_section=&#8221;1&#8243;][vc_tta_section title=&#8221;What about wind, rain and snow&#8221; tab_id=&#8221;1519208878170-4b5b3b73-b99b&#8221;][vc_column_text]We drive all year round. All our<span class=\"excerpt-hellip\"> [\u2026]<\/span><\/p>\n","protected":false},"author":1,"featured_media":0,"parent":0,"menu_order":4,"comment_status":"closed","ping_status":"closed","template":"","meta":{"_links_to":"","_links_to_type":0,"footnotes":""},"class_list":["post-1649","page","type-page","status-publish","hentry"],"yoast_head":"<!-- This site is optimized with the Yoast SEO plugin v26.6 - https:\/\/yoast.com\/wordpress\/plugins\/seo\/ -->\n<title>Most frequently asked questions: - What about wind, rain or snow?<\/title>\n<meta name=\"description\" content=\"All our eTuks have a transparent rain cover which completely encloses the passenger cabin. In winter our vehicles are equipped with lambskin and blankets.\" \/>\n<meta name=\"robots\" content=\"index, follow, max-snippet:-1, max-image-preview:large, max-video-preview:-1\" \/>\n<link rel=\"canonical\" href=\"https:\/\/tuktuk.ch\/en\/faq\/\" \/>\n<meta property=\"og:locale\" content=\"en_US\" \/>\n<meta property=\"og:type\" content=\"article\" \/>\n<meta property=\"og:title\" content=\"Most frequently asked questions: - What about wind, rain or snow?\" \/>\n<meta property=\"og:description\" content=\"All our eTuks have a transparent rain cover which completely encloses the passenger cabin. In winter our vehicles are equipped with lambskin and blankets.\" \/>\n<meta property=\"og:url\" content=\"https:\/\/tuktuk.ch\/en\/faq\/\" \/>\n<meta property=\"og:site_name\" content=\"TukTuk\" \/>\n<meta property=\"article:modified_time\" content=\"2024-06-13T08:17:51+00:00\" \/>\n<meta name=\"twitter:card\" content=\"summary_large_image\" \/>\n<meta name=\"twitter:label1\" content=\"Est. reading time\" \/>\n\t<meta name=\"twitter:data1\" content=\"2 minutes\" \/>\n<script type=\"application\/ld+json\" class=\"yoast-schema-graph\">{\"@context\":\"https:\/\/schema.org\",\"@graph\":[{\"@type\":\"WebPage\",\"@id\":\"https:\/\/tuktuk.ch\/en\/faq\/\",\"url\":\"https:\/\/tuktuk.ch\/en\/faq\/\",\"name\":\"Most frequently asked questions: - What about wind, rain or snow?\",\"isPartOf\":{\"@id\":\"https:\/\/tuktuk.ch\/en\/#website\"},\"datePublished\":\"2018-02-21T10:28:18+00:00\",\"dateModified\":\"2024-06-13T08:17:51+00:00\",\"description\":\"All our eTuks have a transparent rain cover which completely encloses the passenger cabin. In winter our vehicles are equipped with lambskin and blankets.\",\"breadcrumb\":{\"@id\":\"https:\/\/tuktuk.ch\/en\/faq\/#breadcrumb\"},\"inLanguage\":\"en-US\",\"potentialAction\":[{\"@type\":\"ReadAction\",\"target\":[\"https:\/\/tuktuk.ch\/en\/faq\/\"]}]},{\"@type\":\"BreadcrumbList\",\"@id\":\"https:\/\/tuktuk.ch\/en\/faq\/#breadcrumb\",\"itemListElement\":[{\"@type\":\"ListItem\",\"position\":1,\"name\":\"Startseite\",\"item\":\"https:\/\/tuktuk.ch\/en\/\"},{\"@type\":\"ListItem\",\"position\":2,\"name\":\"FAQ\"}]},{\"@type\":\"WebSite\",\"@id\":\"https:\/\/tuktuk.ch\/en\/#website\",\"url\":\"https:\/\/tuktuk.ch\/en\/\",\"name\":\"TukTuk\",\"description\":\"etuktuk.ch\",\"publisher\":{\"@id\":\"https:\/\/tuktuk.ch\/en\/#organization\"},\"potentialAction\":[{\"@type\":\"SearchAction\",\"target\":{\"@type\":\"EntryPoint\",\"urlTemplate\":\"https:\/\/tuktuk.ch\/en\/?s={search_term_string}\"},\"query-input\":{\"@type\":\"PropertyValueSpecification\",\"valueRequired\":true,\"valueName\":\"search_term_string\"}}],\"inLanguage\":\"en-US\"},{\"@type\":\"Organization\",\"@id\":\"https:\/\/tuktuk.ch\/en\/#organization\",\"name\":\"TukTuk\",\"url\":\"https:\/\/tuktuk.ch\/en\/\",\"logo\":{\"@type\":\"ImageObject\",\"inLanguage\":\"en-US\",\"@id\":\"https:\/\/tuktuk.ch\/en\/#\/schema\/logo\/image\/\",\"url\":\"https:\/\/tuktuk.ch\/wp-content\/uploads\/2018\/02\/logotuktuk.png\",\"contentUrl\":\"https:\/\/tuktuk.ch\/wp-content\/uploads\/2018\/02\/logotuktuk.png\",\"width\":600,\"height\":107,\"caption\":\"TukTuk\"},\"image\":{\"@id\":\"https:\/\/tuktuk.ch\/en\/#\/schema\/logo\/image\/\"}}]}<\/script>\n<!-- \/ Yoast SEO plugin. -->","yoast_head_json":{"title":"Most frequently asked questions: - What about wind, rain or snow?","description":"All our eTuks have a transparent rain cover which completely encloses the passenger cabin. In winter our vehicles are equipped with lambskin and blankets.","robots":{"index":"index","follow":"follow","max-snippet":"max-snippet:-1","max-image-preview":"max-image-preview:large","max-video-preview":"max-video-preview:-1"},"canonical":"https:\/\/tuktuk.ch\/en\/faq\/","og_locale":"en_US","og_type":"article","og_title":"Most frequently asked questions: - What about wind, rain or snow?","og_description":"All our eTuks have a transparent rain cover which completely encloses the passenger cabin. In winter our vehicles are equipped with lambskin and blankets.","og_url":"https:\/\/tuktuk.ch\/en\/faq\/","og_site_name":"TukTuk","article_modified_time":"2024-06-13T08:17:51+00:00","twitter_card":"summary_large_image","twitter_misc":{"Est. reading time":"2 minutes"},"schema":{"@context":"https:\/\/schema.org","@graph":[{"@type":"WebPage","@id":"https:\/\/tuktuk.ch\/en\/faq\/","url":"https:\/\/tuktuk.ch\/en\/faq\/","name":"Most frequently asked questions: - What about wind, rain or snow?","isPartOf":{"@id":"https:\/\/tuktuk.ch\/en\/#website"},"datePublished":"2018-02-21T10:28:18+00:00","dateModified":"2024-06-13T08:17:51+00:00","description":"All our eTuks have a transparent rain cover which completely encloses the passenger cabin. In winter our vehicles are equipped with lambskin and blankets.","breadcrumb":{"@id":"https:\/\/tuktuk.ch\/en\/faq\/#breadcrumb"},"inLanguage":"en-US","potentialAction":[{"@type":"ReadAction","target":["https:\/\/tuktuk.ch\/en\/faq\/"]}]},{"@type":"BreadcrumbList","@id":"https:\/\/tuktuk.ch\/en\/faq\/#breadcrumb","itemListElement":[{"@type":"ListItem","position":1,"name":"Startseite","item":"https:\/\/tuktuk.ch\/en\/"},{"@type":"ListItem","position":2,"name":"FAQ"}]},{"@type":"WebSite","@id":"https:\/\/tuktuk.ch\/en\/#website","url":"https:\/\/tuktuk.ch\/en\/","name":"TukTuk","description":"etuktuk.ch","publisher":{"@id":"https:\/\/tuktuk.ch\/en\/#organization"},"potentialAction":[{"@type":"SearchAction","target":{"@type":"EntryPoint","urlTemplate":"https:\/\/tuktuk.ch\/en\/?s={search_term_string}"},"query-input":{"@type":"PropertyValueSpecification","valueRequired":true,"valueName":"search_term_string"}}],"inLanguage":"en-US"},{"@type":"Organization","@id":"https:\/\/tuktuk.ch\/en\/#organization","name":"TukTuk","url":"https:\/\/tuktuk.ch\/en\/","logo":{"@type":"ImageObject","inLanguage":"en-US","@id":"https:\/\/tuktuk.ch\/en\/#\/schema\/logo\/image\/","url":"https:\/\/tuktuk.ch\/wp-content\/uploads\/2018\/02\/logotuktuk.png","contentUrl":"https:\/\/tuktuk.ch\/wp-content\/uploads\/2018\/02\/logotuktuk.png","width":600,"height":107,"caption":"TukTuk"},"image":{"@id":"https:\/\/tuktuk.ch\/en\/#\/schema\/logo\/image\/"}}]}},"_links":{"self":[{"href":"https:\/\/tuktuk.ch\/en\/wp-json\/wp\/v2\/pages\/1649","targetHints":{"allow":["GET"]}}],"collection":[{"href":"https:\/\/tuktuk.ch\/en\/wp-json\/wp\/v2\/pages"}],"about":[{"href":"https:\/\/tuktuk.ch\/en\/wp-json\/wp\/v2\/types\/page"}],"author":[{"embeddable":true,"href":"https:\/\/tuktuk.ch\/en\/wp-json\/wp\/v2\/users\/1"}],"replies":[{"embeddable":true,"href":"https:\/\/tuktuk.ch\/en\/wp-json\/wp\/v2\/comments?post=1649"}],"version-history":[{"count":9,"href":"https:\/\/tuktuk.ch\/en\/wp-json\/wp\/v2\/pages\/1649\/revisions"}],"predecessor-version":[{"id":4338,"href":"https:\/\/tuktuk.ch\/en\/wp-json\/wp\/v2\/pages\/1649\/revisions\/4338"}],"wp:attachment":[{"href":"https:\/\/tuktuk.ch\/en\/wp-json\/wp\/v2\/media?parent=1649"}],"curies":[{"name":"wp","href":"https:\/\/api.w.org\/{rel}","templated":true}]}}